{"id":1499,"date":"2024-01-29T10:39:10","date_gmt":"2024-01-29T10:39:10","guid":{"rendered":"https:\/\/belenmercader.com\/?page_id=1499"},"modified":"2024-01-29T10:39:10","modified_gmt":"2024-01-29T10:39:10","slug":"sobre-mi","status":"publish","type":"page","link":"https:\/\/belenmercader.com\/?page_id=1499","title":{"rendered":"SOBRE MI"},"content":{"rendered":"\n<figure class=\"wp-block-image\"><img loading=\"lazy\" decoding=\"async\" width=\"2000\" height=\"1900\" src=\"https:\/\/belenmercader.com\/wp-content\/uploads\/2024\/01\/image.jpeg\" alt=\"\" class=\"wp-image-1500\" srcset=\"https:\/\/belenmercader.com\/wp-content\/uploads\/2024\/01\/image.jpeg 2000w, https:\/\/belenmercader.com\/wp-content\/uploads\/2024\/01\/image-300x285.jpeg 300w, https:\/\/belenmercader.com\/wp-content\/uploads\/2024\/01\/image-1024x973.jpeg 1024w, https:\/\/belenmercader.com\/wp-content\/uploads\/2024\/01\/image-768x730.jpeg 768w, https:\/\/belenmercader.com\/wp-content\/uploads\/2024\/01\/image-1536x1459.jpeg 1536w\" sizes=\"(max-width: 2000px) 100vw, 2000px\" \/><\/figure>\n\n\n\n<p><\/p>\n\n\n\n<p class=\"has-white-background-color has-text-color has-background has-link-color wp-elements-56547f13f3025b05f4cc8831d50febf7\" style=\"color:#000000f0\">Barcelonina de naixement i on actualment resideixo. No obstant, els primers anys en fam\u00edlia vam viure a Terrassa i Esplugues de Llobregat. A Esplugues \u00e9s on vaig disfrutar de la meva inf\u00e0ncia i adolesc\u00e8ncia i on encara em sento arrelada.<\/p>\n\n\n\n<p class=\"has-white-background-color has-text-color has-background has-link-color wp-elements-685b01be2519a377939f7cfbf0f5f1a8\" style=\"color:#000000f0\">He viscut moltes passions al llarg de la meva vida, entre d\u2019altres la ci\u00e8ncia i el mar. El rerefons per\u00f2 sempre hi ha estat la sensibilitat cap a all\u00f2 bell i amb contingut. Darrerament, tot escoltant la meva veu interna, em trobo explorant amb l\u2019alegria i la innoc\u00e8ncia d\u2019un infant les arts pl\u00e0stiques, sobretot l\u2019escultura.<\/p>\n\n\n\n<p class=\"has-white-background-color has-text-color has-background has-link-color wp-elements-8682206844e13420f5682cb36d1b482d\" style=\"color:#000000f0\">L\u2019any 2021 comen\u00e7o els estudis de Forja art\u00edstica i el 2023 els de T\u00e8cniques escult\u00f2riques a l\u2019Escola La Llotja.<\/p>\n\n\n\n<p class=\"has-white-background-color has-text-color has-background has-link-color wp-elements-78b01854c304b08c5c58304a06d4f075\" style=\"color:#000000f0\">Buscant encara el meu estil escult\u00f2ric, passo llargues hores de taller on b\u00e0sicament gaudeixo treballant i jugo pensant en nous projectes.<\/p>\n","protected":false},"excerpt":{"rendered":"<p>Barcelonina de naixement i on actualment resideixo. No obstant, els primers anys en fam\u00edlia vam viure a Terrassa i Esplugues de Llobregat. A Esplugues \u00e9s on vaig disfrutar de la &#8230;<\/p>\n","protected":false},"author":1,"featured_media":1464,"parent":0,"menu_order":0,"comment_status":"closed","ping_status":"closed","template":"template-fullwidth.php","meta":{"footnotes":""},"_links":{"self":[{"href":"https:\/\/belenmercader.com\/index.php?rest_route=\/wp\/v2\/pages\/1499"}],"collection":[{"href":"https:\/\/belenmercader.com\/index.php?rest_route=\/wp\/v2\/pages"}],"about":[{"href":"https:\/\/belenmercader.com\/index.php?rest_route=\/wp\/v2\/types\/page"}],"author":[{"embeddable":true,"href":"https:\/\/belenmercader.com\/index.php?rest_route=\/wp\/v2\/users\/1"}],"replies":[{"embeddable":true,"href":"https:\/\/belenmercader.com\/index.php?rest_route=%2Fwp%2Fv2%2Fcomments&post=1499"}],"version-history":[{"count":1,"href":"https:\/\/belenmercader.com\/index.php?rest_route=\/wp\/v2\/pages\/1499\/revisions"}],"predecessor-version":[{"id":1502,"href":"https:\/\/belenmercader.com\/index.php?rest_route=\/wp\/v2\/pages\/1499\/revisions\/1502"}],"wp:featuredmedia":[{"embeddable":true,"href":"https:\/\/belenmercader.com\/index.php?rest_route=\/wp\/v2\/media\/1464"}],"wp:attachment":[{"href":"https:\/\/belenmercader.com\/index.php?rest_route=%2Fwp%2Fv2%2Fmedia&parent=1499"}],"curies":[{"name":"wp","href":"https:\/\/api.w.org\/{rel}","templated":true}]}}